{"id":922,"date":"2023-09-25T12:11:47","date_gmt":"2023-09-25T12:11:47","guid":{"rendered":"https:\/\/artesanoglobalfoundation.org\/?page_id=922"},"modified":"2024-08-09T13:46:43","modified_gmt":"2024-08-09T13:46:43","slug":"noticias","status":"publish","type":"page","link":"https:\/\/artesanoglobalfoundation.org\/index.php\/es\/noticias\/","title":{"rendered":"Noticias"},"content":{"rendered":"\t\t<div data-elementor-type=\"wp-page\" data-elementor-id=\"922\" class=\"elementor elementor-922\">\n\t\t\t\t\t\t\t\t\t<section class=\"elementor-section elementor-top-section elementor-element elementor-element-7f9a82b1 elementor-section-full_width elementor-section-height-min-height elementor-section-content-bottom elementor-section-height-default elementor-section-items-middle\" data-id=\"7f9a82b1\" data-element_type=\"section\">\n\t\t\t\t\t\t\t<div class=\"elementor-background-overlay\"><\/div>\n\t\t\t\t\t\t\t<div class=\"elementor-container elementor-column-gap-no\">\n\t\t\t\t\t<div class=\"elementor-column elementor-col-100 elementor-top-column elementor-element elementor-element-519da53d elementor-hidden-tablet elementor-hidden-mobile\" data-id=\"519da53d\" data-element_type=\"column\">\n\t\t\t<div class=\"elementor-widget-wrap\">\n\t\t\t\t\t\t\t\t\t<\/div>\n\t\t<\/div>\n\t\t\t\t\t\t\t<\/div>\n\t\t<\/section>\n\t\t\t\t<section class=\"elementor-section elementor-top-section elementor-element elementor-element-ab4d562 elementor-section-boxed elementor-section-height-default elementor-section-height-default\" data-id=\"ab4d562\" data-element_type=\"section\" id=\"lafundacion\">\n\t\t\t\t\t\t<div class=\"elementor-container elementor-column-gap-default\">\n\t\t\t\t\t<div class=\"elementor-column elementor-col-100 elementor-top-column elementor-element elementor-element-53f7409b\" data-id=\"53f7409b\" data-element_type=\"column\">\n\t\t\t<div class=\"elementor-widget-wrap elementor-element-populated\">\n\t\t\t\t\t\t\t\t<div class=\"elementor-element elementor-element-9ae0df2 elementor-view-default elementor-widget elementor-widget-icon\" data-id=\"9ae0df2\" data-element_type=\"widget\" data-widget_type=\"icon.default\">\n\t\t\t\t<div class=\"elementor-widget-container\">\n\t\t\t\t\t<div class=\"elementor-icon-wrapper\">\n\t\t\t<div class=\"elementor-icon\">\n\t\t\t<i aria-hidden=\"true\" class=\"fas fa-angle-double-down\"><\/i>\t\t\t<\/div>\n\t\t<\/div>\n\t\t\t\t<\/div>\n\t\t\t\t<\/div>\n\t\t\t\t\t<\/div>\n\t\t<\/div>\n\t\t\t\t\t\t\t<\/div>\n\t\t<\/section>\n\t\t\t\t<section class=\"elementor-section elementor-top-section elementor-element elementor-element-1006f5a1 elementor-section-boxed elementor-section-height-default elementor-section-height-default\" data-id=\"1006f5a1\" data-element_type=\"section\" id=\"lafundacion\">\n\t\t\t\t\t\t<div class=\"elementor-container elementor-column-gap-default\">\n\t\t\t\t\t<div class=\"elementor-column elementor-col-100 elementor-top-column elementor-element elementor-element-41cca76\" data-id=\"41cca76\" data-element_type=\"column\">\n\t\t\t<div class=\"elementor-widget-wrap elementor-element-populated\">\n\t\t\t\t\t\t\t\t<div class=\"elementor-element elementor-element-6c375208 elementor-widget elementor-widget-heading\" data-id=\"6c375208\" data-element_type=\"widget\" data-widget_type=\"heading.default\">\n\t\t\t\t<div class=\"elementor-widget-container\">\n\t\t\t<style>\/*! elementor - v3.15.0 - 09-08-2023 *\/\n.elementor-heading-title{padding:0;margin:0;line-height:1}.elementor-widget-heading .elementor-heading-title[class*=elementor-size-]>a{color:inherit;font-size:inherit;line-height:inherit}.elementor-widget-heading .elementor-heading-title.elementor-size-small{font-size:15px}.elementor-widget-heading .elementor-heading-title.elementor-size-medium{font-size:19px}.elementor-widget-heading .elementor-heading-title.elementor-size-large{font-size:29px}.elementor-widget-heading .elementor-heading-title.elementor-size-xl{font-size:39px}.elementor-widget-heading .elementor-heading-title.elementor-size-xxl{font-size:59px}<\/style><h2 class=\"elementor-heading-title elementor-size-large\">News Artesano Global Foundation<\/h2>\t\t<\/div>\n\t\t\t\t<\/div>\n\t\t\t\t<div class=\"elementor-element elementor-element-1a9cc346 elementor-widget elementor-widget-text-editor\" data-id=\"1a9cc346\" data-element_type=\"widget\" data-widget_type=\"text-editor.default\">\n\t\t\t\t<div class=\"elementor-widget-container\">\n\t\t\t<style>\/*! elementor - v3.15.0 - 09-08-2023 *\/\n.elementor-widget-text-editor.elementor-drop-cap-view-stacked .elementor-drop-cap{background-color:#69727d;color:#fff}.elementor-widget-text-editor.elementor-drop-cap-view-framed .elementor-drop-cap{color:#69727d;border:3px solid;background-color:transparent}.elementor-widget-text-editor:not(.elementor-drop-cap-view-default) .elementor-drop-cap{margin-top:8px}.elementor-widget-text-editor:not(.elementor-drop-cap-view-default) .elementor-drop-cap-letter{width:1em;height:1em}.elementor-widget-text-editor .elementor-drop-cap{float:left;text-align:center;line-height:1;font-size:50px}.elementor-widget-text-editor .elementor-drop-cap-letter{display:inline-block}<\/style>\t\t\t\t<p style=\"text-align: center;\">Nation building from Margarita Island&nbsp;<\/p>\t\t\t\t\t\t<\/div>\n\t\t\t\t<\/div>\n\t\t\t\t\t<\/div>\n\t\t<\/div>\n\t\t\t\t\t\t\t<\/div>\n\t\t<\/section>\n\t\t\t\t<section class=\"elementor-section elementor-top-section elementor-element elementor-element-5df9f638 elementor-section-boxed elementor-section-height-default elementor-section-height-default\" data-id=\"5df9f638\" data-element_type=\"section\" data-settings=\"{&quot;background_background&quot;:&quot;classic&quot;}\">\n\t\t\t\t\t\t<div class=\"elementor-container elementor-column-gap-default\">\n\t\t\t\t\t<div class=\"elementor-column elementor-col-100 elementor-top-column elementor-element elementor-element-64022a01\" data-id=\"64022a01\" data-element_type=\"column\">\n\t\t\t<div class=\"elementor-widget-wrap elementor-element-populated\">\n\t\t\t\t\t\t\t\t<div class=\"elementor-element elementor-element-b7c95fe elementor-grid-3 elementor-grid-tablet-2 elementor-grid-mobile-1 elementor-posts--thumbnail-top elementor-posts--show-avatar elementor-card-shadow-yes elementor-posts__hover-gradient elementor-widget elementor-widget-posts\" data-id=\"b7c95fe\" data-element_type=\"widget\" data-settings=\"{&quot;cards_columns&quot;:&quot;3&quot;,&quot;cards_columns_tablet&quot;:&quot;2&quot;,&quot;cards_columns_mobile&quot;:&quot;1&quot;,&quot;cards_row_gap&quot;:{&quot;unit&quot;:&quot;px&quot;,&quot;size&quot;:35,&quot;sizes&quot;:[]},&quot;cards_row_gap_tablet&quot;:{&quot;unit&quot;:&quot;px&quot;,&quot;size&quot;:&quot;&quot;,&quot;sizes&quot;:[]},&quot;cards_row_gap_mobile&quot;:{&quot;unit&quot;:&quot;px&quot;,&quot;size&quot;:&quot;&quot;,&quot;sizes&quot;:[]}}\" data-widget_type=\"posts.cards\">\n\t\t\t\t<div class=\"elementor-widget-container\">\n\t\t\t<link rel=\"stylesheet\" href=\"https:\/\/artesanoglobalfoundation.org\/wp-content\/plugins\/elementor-pro\/assets\/css\/widget-posts.min.css\">\t\t<div class=\"elementor-posts-container elementor-posts elementor-posts--skin-cards elementor-grid\">\n\t\t\t\t<article class=\"elementor-post elementor-grid-item post-1823 post type-post status-publish format-standard has-post-thumbnail hentry category-exhibition entry\">\n\t\t\t<div class=\"elementor-post__card\">\n\t\t\t\t<a class=\"elementor-post__thumbnail__link\" href=\"https:\/\/artesanoglobalfoundation.org\/index.php\/2025\/04\/01\/geografias-en-movimiento-eng\/\" ><div class=\"elementor-post__thumbnail\"><img loading=\"lazy\" width=\"1080\" height=\"1357\" src=\"https:\/\/artesanoglobalfoundation.org\/wp-content\/uploads\/2025\/04\/IMG_2989.jpg\" class=\"attachment-full size-full wp-image-1766\" alt=\"\" decoding=\"async\" srcset=\"https:\/\/artesanoglobalfoundation.org\/wp-content\/uploads\/2025\/04\/IMG_2989.jpg 1080w, https:\/\/artesanoglobalfoundation.org\/wp-content\/uploads\/2025\/04\/IMG_2989-239x300.jpg 239w, https:\/\/artesanoglobalfoundation.org\/wp-content\/uploads\/2025\/04\/IMG_2989-815x1024.jpg 815w, https:\/\/artesanoglobalfoundation.org\/wp-content\/uploads\/2025\/04\/IMG_2989-768x965.jpg 768w\" sizes=\"(max-width: 1080px) 100vw, 1080px\" style=\"width:100%;height:125.65%;max-width:1080px;\" \/><\/div><\/a>\n\t\t\t\t<div class=\"elementor-post__badge\">Exhibition<\/div>\n\t\t\t\t<div class=\"elementor-post__avatar\">\n\t\t\t<img decoding=\"async\" loading=\"lazy\" src=\"https:\/\/artesanoglobalfoundation.org\/wp-content\/uploads\/2023\/09\/Logo-Artesano-Avatar-150x150.png\" width=\"128\" height=\"128\" alt=\"cjartesanogroup\" class=\"avatar avatar-128 wp-user-avatar wp-user-avatar-128 alignnone photo\" \/>\t\t<\/div>\n\t\t\t\t<div class=\"elementor-post__text\">\n\t\t\t\t<h3 class=\"elementor-post__title\">\n\t\t\t<a href=\"https:\/\/artesanoglobalfoundation.org\/index.php\/2025\/04\/01\/geografias-en-movimiento-eng\/\" >\n\t\t\t\tGeograf\u00edas en movimiento\t\t\t<\/a>\n\t\t<\/h3>\n\t\t\t\t<div class=\"elementor-post__excerpt\">\n\t\t\t<p>Geograf\u00edas en movimiento is the result of Eduardo Palomares\u2019 most recent aesthetic proposal, which, equipped with a genuine experimental will, fosters artistic integration, collective creation and multidisciplinary participation in order to promote the development and a mise-en-sc\u00e8ne of a plural, multiple and integral experience.<\/p>\n\t\t<\/div>\n\t\t\t\t\t<a class=\"elementor-post__read-more\" href=\"https:\/\/artesanoglobalfoundation.org\/index.php\/2025\/04\/01\/geografias-en-movimiento-eng\/\" >\n\t\t\t\tLeer m\u00e1s \u00bb\t\t\t<\/a>\n\t\t\t\t<\/div>\n\t\t\t\t<div class=\"elementor-post__meta-data\">\n\t\t\t\t\t<span class=\"elementor-post-date\">\n\t\t\t1 de abril de 2025\t\t<\/span>\n\t\t\t\t<span class=\"elementor-post-avatar\">\n\t\t\tNo hay comentarios\t\t<\/span>\n\t\t\t\t<\/div>\n\t\t\t\t\t<\/div>\n\t\t<\/article>\n\t\t\t\t<article class=\"elementor-post elementor-grid-item post-1763 post type-post status-publish format-standard has-post-thumbnail hentry category-exposicion entry\">\n\t\t\t<div class=\"elementor-post__card\">\n\t\t\t\t<a class=\"elementor-post__thumbnail__link\" href=\"https:\/\/artesanoglobalfoundation.org\/index.php\/es\/2025\/04\/01\/geografias-en-movimiento\/\" ><div class=\"elementor-post__thumbnail\"><img loading=\"lazy\" width=\"1080\" height=\"1357\" src=\"https:\/\/artesanoglobalfoundation.org\/wp-content\/uploads\/2025\/04\/IMG_2989.jpg\" class=\"attachment-full size-full wp-image-1766\" alt=\"\" decoding=\"async\" srcset=\"https:\/\/artesanoglobalfoundation.org\/wp-content\/uploads\/2025\/04\/IMG_2989.jpg 1080w, https:\/\/artesanoglobalfoundation.org\/wp-content\/uploads\/2025\/04\/IMG_2989-239x300.jpg 239w, https:\/\/artesanoglobalfoundation.org\/wp-content\/uploads\/2025\/04\/IMG_2989-815x1024.jpg 815w, https:\/\/artesanoglobalfoundation.org\/wp-content\/uploads\/2025\/04\/IMG_2989-768x965.jpg 768w\" sizes=\"(max-width: 1080px) 100vw, 1080px\" style=\"width:100%;height:125.65%;max-width:1080px;\" \/><\/div><\/a>\n\t\t\t\t<div class=\"elementor-post__badge\">Exposici\u00f3n<\/div>\n\t\t\t\t<div class=\"elementor-post__avatar\">\n\t\t\t<img decoding=\"async\" loading=\"lazy\" src=\"https:\/\/artesanoglobalfoundation.org\/wp-content\/uploads\/2023\/09\/Logo-Artesano-Avatar-150x150.png\" width=\"128\" height=\"128\" alt=\"cjartesanogroup\" class=\"avatar avatar-128 wp-user-avatar wp-user-avatar-128 alignnone photo\" \/>\t\t<\/div>\n\t\t\t\t<div class=\"elementor-post__text\">\n\t\t\t\t<h3 class=\"elementor-post__title\">\n\t\t\t<a href=\"https:\/\/artesanoglobalfoundation.org\/index.php\/es\/2025\/04\/01\/geografias-en-movimiento\/\" >\n\t\t\t\tGeograf\u00edas en movimiento\t\t\t<\/a>\n\t\t<\/h3>\n\t\t\t\t<div class=\"elementor-post__excerpt\">\n\t\t\t<p>Geograf\u00edas en movimiento es el resultado de la m\u00e1s reciente propuesta est\u00e9tica de Eduardo Palomares, la cual, dotada de una genuina voluntad experimental, propicia la integraci\u00f3n art\u00edstica, la creaci\u00f3n colectiva y la participaci\u00f3n multidisciplinaria, en aras de fomentar el desarrollo y la puesta en escena de una experiencia plural, m\u00faltiple e integral.<\/p>\n\t\t<\/div>\n\t\t\t\t\t<a class=\"elementor-post__read-more\" href=\"https:\/\/artesanoglobalfoundation.org\/index.php\/es\/2025\/04\/01\/geografias-en-movimiento\/\" >\n\t\t\t\tLeer m\u00e1s \u00bb\t\t\t<\/a>\n\t\t\t\t<\/div>\n\t\t\t\t<div class=\"elementor-post__meta-data\">\n\t\t\t\t\t<span class=\"elementor-post-date\">\n\t\t\t1 de abril de 2025\t\t<\/span>\n\t\t\t\t<span class=\"elementor-post-avatar\">\n\t\t\tNo hay comentarios\t\t<\/span>\n\t\t\t\t<\/div>\n\t\t\t\t\t<\/div>\n\t\t<\/article>\n\t\t\t\t<article class=\"elementor-post elementor-grid-item post-1498 post type-post status-publish format-standard has-post-thumbnail hentry category-blog entry\">\n\t\t\t<div class=\"elementor-post__card\">\n\t\t\t\t<a class=\"elementor-post__thumbnail__link\" href=\"https:\/\/artesanoglobalfoundation.org\/index.php\/2024\/10\/21\/guitarras-del-mundo-from-radio-to-podcast\/\" ><div class=\"elementor-post__thumbnail\"><img loading=\"lazy\" width=\"1080\" height=\"1200\" src=\"https:\/\/artesanoglobalfoundation.org\/wp-content\/uploads\/2024\/10\/Guitarras-del-Mundo-1.png\" class=\"attachment-full size-full wp-image-1506\" alt=\"\" decoding=\"async\" srcset=\"https:\/\/artesanoglobalfoundation.org\/wp-content\/uploads\/2024\/10\/Guitarras-del-Mundo-1.png 1080w, https:\/\/artesanoglobalfoundation.org\/wp-content\/uploads\/2024\/10\/Guitarras-del-Mundo-1-270x300.png 270w, https:\/\/artesanoglobalfoundation.org\/wp-content\/uploads\/2024\/10\/Guitarras-del-Mundo-1-922x1024.png 922w, https:\/\/artesanoglobalfoundation.org\/wp-content\/uploads\/2024\/10\/Guitarras-del-Mundo-1-768x853.png 768w\" sizes=\"(max-width: 1080px) 100vw, 1080px\" style=\"width:100%;height:111.11%;max-width:1080px;\" \/><\/div><\/a>\n\t\t\t\t<div class=\"elementor-post__badge\">Blog<\/div>\n\t\t\t\t<div class=\"elementor-post__avatar\">\n\t\t\t<img decoding=\"async\" loading=\"lazy\" src=\"https:\/\/artesanoglobalfoundation.org\/wp-content\/uploads\/2023\/09\/Logo-Artesano-Avatar-150x150.png\" width=\"128\" height=\"128\" alt=\"cjartesanogroup\" class=\"avatar avatar-128 wp-user-avatar wp-user-avatar-128 alignnone photo\" \/>\t\t<\/div>\n\t\t\t\t<div class=\"elementor-post__text\">\n\t\t\t\t<h3 class=\"elementor-post__title\">\n\t\t\t<a href=\"https:\/\/artesanoglobalfoundation.org\/index.php\/2024\/10\/21\/guitarras-del-mundo-from-radio-to-podcast\/\" >\n\t\t\t\tGuitarras del Mundo: From Radio to Podcast\t\t\t<\/a>\n\t\t<\/h3>\n\t\t\t\t<div class=\"elementor-post__excerpt\">\n\t\t\t<p>GUITARRAS DEL MUNDO Weekly podcast hosted by guitarist Antonio Brice\u00f1o, focused on classical guitar news, including the work of composers, outstanding performers, exclusive interviews and<\/p>\n\t\t<\/div>\n\t\t\t\t\t<a class=\"elementor-post__read-more\" href=\"https:\/\/artesanoglobalfoundation.org\/index.php\/2024\/10\/21\/guitarras-del-mundo-from-radio-to-podcast\/\" >\n\t\t\t\tLeer m\u00e1s \u00bb\t\t\t<\/a>\n\t\t\t\t<\/div>\n\t\t\t\t<div class=\"elementor-post__meta-data\">\n\t\t\t\t\t<span class=\"elementor-post-date\">\n\t\t\t21 de octubre de 2024\t\t<\/span>\n\t\t\t\t<span class=\"elementor-post-avatar\">\n\t\t\tNo hay comentarios\t\t<\/span>\n\t\t\t\t<\/div>\n\t\t\t\t\t<\/div>\n\t\t<\/article>\n\t\t\t\t<article class=\"elementor-post elementor-grid-item post-1464 post type-post status-publish format-standard has-post-thumbnail hentry category-podcast entry\">\n\t\t\t<div class=\"elementor-post__card\">\n\t\t\t\t<a class=\"elementor-post__thumbnail__link\" href=\"https:\/\/artesanoglobalfoundation.org\/index.php\/es\/2024\/10\/21\/guitarras-del-mundo\/\" ><div class=\"elementor-post__thumbnail\"><img loading=\"lazy\" width=\"1080\" height=\"1200\" src=\"https:\/\/artesanoglobalfoundation.org\/wp-content\/uploads\/2024\/10\/Guitarras-del-Mundo-1-1.png\" class=\"attachment-full size-full wp-image-1515\" alt=\"\" decoding=\"async\" srcset=\"https:\/\/artesanoglobalfoundation.org\/wp-content\/uploads\/2024\/10\/Guitarras-del-Mundo-1-1.png 1080w, https:\/\/artesanoglobalfoundation.org\/wp-content\/uploads\/2024\/10\/Guitarras-del-Mundo-1-1-270x300.png 270w, https:\/\/artesanoglobalfoundation.org\/wp-content\/uploads\/2024\/10\/Guitarras-del-Mundo-1-1-922x1024.png 922w, https:\/\/artesanoglobalfoundation.org\/wp-content\/uploads\/2024\/10\/Guitarras-del-Mundo-1-1-768x853.png 768w\" sizes=\"(max-width: 1080px) 100vw, 1080px\" style=\"width:100%;height:111.11%;max-width:1080px;\" \/><\/div><\/a>\n\t\t\t\t<div class=\"elementor-post__badge\">Podcast<\/div>\n\t\t\t\t<div class=\"elementor-post__avatar\">\n\t\t\t<img decoding=\"async\" loading=\"lazy\" src=\"https:\/\/artesanoglobalfoundation.org\/wp-content\/uploads\/2023\/09\/Logo-Artesano-Avatar-150x150.png\" width=\"128\" height=\"128\" alt=\"cjartesanogroup\" class=\"avatar avatar-128 wp-user-avatar wp-user-avatar-128 alignnone photo\" \/>\t\t<\/div>\n\t\t\t\t<div class=\"elementor-post__text\">\n\t\t\t\t<h3 class=\"elementor-post__title\">\n\t\t\t<a href=\"https:\/\/artesanoglobalfoundation.org\/index.php\/es\/2024\/10\/21\/guitarras-del-mundo\/\" >\n\t\t\t\tGuitarras del Mundo: De la radio al podcast\t\t\t<\/a>\n\t\t<\/h3>\n\t\t\t\t<div class=\"elementor-post__excerpt\">\n\t\t\t<p>Podcast semanal presentado por el guitarrista Antonio Brice\u00f1o, enfocado en la actualidad de la guitarra cl\u00e1sica,.<\/p>\n\t\t<\/div>\n\t\t\t\t\t<a class=\"elementor-post__read-more\" href=\"https:\/\/artesanoglobalfoundation.org\/index.php\/es\/2024\/10\/21\/guitarras-del-mundo\/\" >\n\t\t\t\tLeer m\u00e1s \u00bb\t\t\t<\/a>\n\t\t\t\t<\/div>\n\t\t\t\t<div class=\"elementor-post__meta-data\">\n\t\t\t\t\t<span class=\"elementor-post-date\">\n\t\t\t21 de octubre de 2024\t\t<\/span>\n\t\t\t\t<span class=\"elementor-post-avatar\">\n\t\t\tNo hay comentarios\t\t<\/span>\n\t\t\t\t<\/div>\n\t\t\t\t\t<\/div>\n\t\t<\/article>\n\t\t\t\t<article class=\"elementor-post elementor-grid-item post-1629 post type-post status-publish format-standard has-post-thumbnail hentry category-noticias entry\">\n\t\t\t<div class=\"elementor-post__card\">\n\t\t\t\t<a class=\"elementor-post__thumbnail__link\" href=\"https:\/\/artesanoglobalfoundation.org\/index.php\/es\/2024\/10\/03\/establecer-conexiones-a-traves-de-la-arcilla-en-frieze-londres\/\" ><div class=\"elementor-post__thumbnail\"><img loading=\"lazy\" width=\"720\" height=\"1080\" src=\"https:\/\/artesanoglobalfoundation.org\/wp-content\/uploads\/2024\/10\/Flora-Totem-Pino.jpg\" class=\"attachment-full size-full wp-image-1454\" alt=\"\" decoding=\"async\" srcset=\"https:\/\/artesanoglobalfoundation.org\/wp-content\/uploads\/2024\/10\/Flora-Totem-Pino.jpg 720w, https:\/\/artesanoglobalfoundation.org\/wp-content\/uploads\/2024\/10\/Flora-Totem-Pino-200x300.jpg 200w, https:\/\/artesanoglobalfoundation.org\/wp-content\/uploads\/2024\/10\/Flora-Totem-Pino-683x1024.jpg 683w\" sizes=\"(max-width: 720px) 100vw, 720px\" style=\"width:100%;height:150%;max-width:720px;\" \/><\/div><\/a>\n\t\t\t\t<div class=\"elementor-post__badge\">Noticias<\/div>\n\t\t\t\t<div class=\"elementor-post__avatar\">\n\t\t\t<img decoding=\"async\" loading=\"lazy\" src=\"https:\/\/artesanoglobalfoundation.org\/wp-content\/uploads\/2023\/09\/Logo-Artesano-Avatar-150x150.png\" width=\"128\" height=\"128\" alt=\"cjartesanogroup\" class=\"avatar avatar-128 wp-user-avatar wp-user-avatar-128 alignnone photo\" \/>\t\t<\/div>\n\t\t\t\t<div class=\"elementor-post__text\">\n\t\t\t\t<h3 class=\"elementor-post__title\">\n\t\t\t<a href=\"https:\/\/artesanoglobalfoundation.org\/index.php\/es\/2024\/10\/03\/establecer-conexiones-a-traves-de-la-arcilla-en-frieze-londres\/\" >\n\t\t\t\tEstablecer conexiones a trav\u00e9s de la arcilla en Frieze Londres\t\t\t<\/a>\n\t\t<\/h3>\n\t\t\t\t<div class=\"elementor-post__excerpt\">\n\t\t\t<p>En una nueva secci\u00f3n, artistas aut\u00f3ctonos y expatriados exploran la tierra amada, perdida y dejada atr\u00e1s en un medio muy adecuado para la tarea: la<\/p>\n\t\t<\/div>\n\t\t\t\t\t<a class=\"elementor-post__read-more\" href=\"https:\/\/artesanoglobalfoundation.org\/index.php\/es\/2024\/10\/03\/establecer-conexiones-a-traves-de-la-arcilla-en-frieze-londres\/\" >\n\t\t\t\tLeer m\u00e1s \u00bb\t\t\t<\/a>\n\t\t\t\t<\/div>\n\t\t\t\t<div class=\"elementor-post__meta-data\">\n\t\t\t\t\t<span class=\"elementor-post-date\">\n\t\t\t3 de octubre de 2024\t\t<\/span>\n\t\t\t\t<span class=\"elementor-post-avatar\">\n\t\t\tNo hay comentarios\t\t<\/span>\n\t\t\t\t<\/div>\n\t\t\t\t\t<\/div>\n\t\t<\/article>\n\t\t\t\t<article class=\"elementor-post elementor-grid-item post-1453 post type-post status-publish format-standard has-post-thumbnail hentry category-news entry\">\n\t\t\t<div class=\"elementor-post__card\">\n\t\t\t\t<a class=\"elementor-post__thumbnail__link\" href=\"https:\/\/artesanoglobalfoundation.org\/index.php\/2024\/10\/03\/making-connections-through-clay-at-frieze-london\/\" ><div class=\"elementor-post__thumbnail\"><img loading=\"lazy\" width=\"720\" height=\"1080\" src=\"https:\/\/artesanoglobalfoundation.org\/wp-content\/uploads\/2024\/10\/Flora-Totem-Pino.jpg\" class=\"attachment-full size-full wp-image-1454\" alt=\"\" decoding=\"async\" srcset=\"https:\/\/artesanoglobalfoundation.org\/wp-content\/uploads\/2024\/10\/Flora-Totem-Pino.jpg 720w, https:\/\/artesanoglobalfoundation.org\/wp-content\/uploads\/2024\/10\/Flora-Totem-Pino-200x300.jpg 200w, https:\/\/artesanoglobalfoundation.org\/wp-content\/uploads\/2024\/10\/Flora-Totem-Pino-683x1024.jpg 683w\" sizes=\"(max-width: 720px) 100vw, 720px\" style=\"width:100%;height:150%;max-width:720px;\" \/><\/div><\/a>\n\t\t\t\t<div class=\"elementor-post__badge\">News<\/div>\n\t\t\t\t<div class=\"elementor-post__avatar\">\n\t\t\t<img decoding=\"async\" loading=\"lazy\" src=\"https:\/\/artesanoglobalfoundation.org\/wp-content\/uploads\/2023\/09\/Logo-Artesano-Avatar-150x150.png\" width=\"128\" height=\"128\" alt=\"cjartesanogroup\" class=\"avatar avatar-128 wp-user-avatar wp-user-avatar-128 alignnone photo\" \/>\t\t<\/div>\n\t\t\t\t<div class=\"elementor-post__text\">\n\t\t\t\t<h3 class=\"elementor-post__title\">\n\t\t\t<a href=\"https:\/\/artesanoglobalfoundation.org\/index.php\/2024\/10\/03\/making-connections-through-clay-at-frieze-london\/\" >\n\t\t\t\tMaking Connections Through Clay at Frieze London\t\t\t<\/a>\n\t\t<\/h3>\n\t\t\t\t<div class=\"elementor-post__excerpt\">\n\t\t\t<p>Smoke,\u201d as the section is now titled, will feature 11 artists, represented by eight galleries. The galleries will be lined up together within the fair, but separated by transparent fabrics so that they appear to connect into a single environment \u2014 a departure from the usual rows of walled-off dealers that visitors more often encounter at fairs like Frieze, Art Basel and the Armory Show.<\/p>\n\t\t<\/div>\n\t\t\t\t\t<a class=\"elementor-post__read-more\" href=\"https:\/\/artesanoglobalfoundation.org\/index.php\/2024\/10\/03\/making-connections-through-clay-at-frieze-london\/\" >\n\t\t\t\tLeer m\u00e1s \u00bb\t\t\t<\/a>\n\t\t\t\t<\/div>\n\t\t\t\t<div class=\"elementor-post__meta-data\">\n\t\t\t\t\t<span class=\"elementor-post-date\">\n\t\t\t3 de octubre de 2024\t\t<\/span>\n\t\t\t\t<span class=\"elementor-post-avatar\">\n\t\t\tNo hay comentarios\t\t<\/span>\n\t\t\t\t<\/div>\n\t\t\t\t\t<\/div>\n\t\t<\/article>\n\t\t\t\t<\/div>\n\n\n\t\t\n\t\t\t\t<\/div>\n\t\t\t\t<\/div>\n\t\t\t\t\t<\/div>\n\t\t<\/div>\n\t\t\t\t\t\t\t<\/div>\n\t\t<\/section>\n\t\t\t\t\t\t\t<\/div>\n\t\t","protected":false},"excerpt":{"rendered":"<p>News Artesano Global Foundation Nation building from Margarita Island&nbsp;<\/p>\n","protected":false},"author":1,"featured_media":0,"parent":0,"menu_order":0,"comment_status":"closed","ping_status":"closed","template":"elementor_header_footer","meta":{"footnotes":""},"_links":{"self":[{"href":"https:\/\/artesanoglobalfoundation.org\/index.php\/wp-json\/wp\/v2\/pages\/922"}],"collection":[{"href":"https:\/\/artesanoglobalfoundation.org\/index.php\/wp-json\/wp\/v2\/pages"}],"about":[{"href":"https:\/\/artesanoglobalfoundation.org\/index.php\/wp-json\/wp\/v2\/types\/page"}],"author":[{"embeddable":true,"href":"https:\/\/artesanoglobalfoundation.org\/index.php\/wp-json\/wp\/v2\/users\/1"}],"replies":[{"embeddable":true,"href":"https:\/\/artesanoglobalfoundation.org\/index.php\/wp-json\/wp\/v2\/comments?post=922"}],"version-history":[{"count":16,"href":"https:\/\/artesanoglobalfoundation.org\/index.php\/wp-json\/wp\/v2\/pages\/922\/revisions"}],"predecessor-version":[{"id":1443,"href":"https:\/\/artesanoglobalfoundation.org\/index.php\/wp-json\/wp\/v2\/pages\/922\/revisions\/1443"}],"wp:attachment":[{"href":"https:\/\/artesanoglobalfoundation.org\/index.php\/wp-json\/wp\/v2\/media?parent=922"}],"curies":[{"name":"wp","href":"https:\/\/api.w.org\/{rel}","templated":true}]}}