{"id":49,"date":"2023-08-16T21:00:05","date_gmt":"2023-08-16T21:00:05","guid":{"rendered":"https:\/\/artesanoglobalfoundation.org\/?page_id=49"},"modified":"2025-03-25T01:32:44","modified_gmt":"2025-03-25T01:32:44","slug":"elementor-49","status":"publish","type":"page","link":"https:\/\/artesanoglobalfoundation.org\/index.php\/es\/elementor-49\/","title":{"rendered":"Artesano Global Foundation &#8211; Sitio Web Oficial"},"content":{"rendered":"\t\t<div data-elementor-type=\"wp-page\" data-elementor-id=\"49\" class=\"elementor elementor-49\">\n\t\t\t\t\t\t\t\t\t<section class=\"elementor-section elementor-top-section elementor-element elementor-element-ee6686a elementor-section-full_width elementor-section-height-min-height elementor-section-content-bottom elementor-section-height-default elementor-section-items-middle\" data-id=\"ee6686a\" data-element_type=\"section\">\n\t\t\t\t\t\t\t<div class=\"elementor-background-overlay\"><\/div>\n\t\t\t\t\t\t\t<div class=\"elementor-container elementor-column-gap-no\">\n\t\t\t\t\t<div class=\"elementor-column elementor-col-100 elementor-top-column elementor-element elementor-element-08612b4 elementor-hidden-tablet elementor-hidden-mobile\" data-id=\"08612b4\" data-element_type=\"column\">\n\t\t\t<div class=\"elementor-widget-wrap elementor-element-populated\">\n\t\t\t\t\t\t\t\t<div class=\"elementor-element elementor-element-c8a14b8 elementor-widget elementor-widget-spacer\" data-id=\"c8a14b8\" data-element_type=\"widget\" data-widget_type=\"spacer.default\">\n\t\t\t\t<div class=\"elementor-widget-container\">\n\t\t\t<style>\/*! elementor - v3.15.0 - 09-08-2023 *\/\n.elementor-column .elementor-spacer-inner{height:var(--spacer-size)}.e-con{--container-widget-width:100%}.e-con-inner>.elementor-widget-spacer,.e-con>.elementor-widget-spacer{width:var(--container-widget-width,var(--spacer-size));--align-self:var(--container-widget-align-self,initial);--flex-shrink:0}.e-con-inner>.elementor-widget-spacer>.elementor-widget-container,.e-con-inner>.elementor-widget-spacer>.elementor-widget-container>.elementor-spacer,.e-con>.elementor-widget-spacer>.elementor-widget-container,.e-con>.elementor-widget-spacer>.elementor-widget-container>.elementor-spacer{height:100%}.e-con-inner>.elementor-widget-spacer>.elementor-widget-container>.elementor-spacer>.elementor-spacer-inner,.e-con>.elementor-widget-spacer>.elementor-widget-container>.elementor-spacer>.elementor-spacer-inner{height:var(--container-widget-height,var(--spacer-size))}<\/style>\t\t<div class=\"elementor-spacer\">\n\t\t\t<div class=\"elementor-spacer-inner\"><\/div>\n\t\t<\/div>\n\t\t\t\t<\/div>\n\t\t\t\t<\/div>\n\t\t\t\t\t<\/div>\n\t\t<\/div>\n\t\t\t\t\t\t\t<\/div>\n\t\t<\/section>\n\t\t\t\t<section class=\"elementor-section elementor-top-section elementor-element elementor-element-0bc3c72 elementor-section-full_width elementor-section-height-default elementor-section-height-default\" data-id=\"0bc3c72\" data-element_type=\"section\" data-settings=\"{&quot;background_background&quot;:&quot;classic&quot;}\">\n\t\t\t\t\t\t<div class=\"elementor-container elementor-column-gap-default\">\n\t\t\t\t\t<div class=\"elementor-column elementor-col-100 elementor-top-column elementor-element elementor-element-7373f75\" data-id=\"7373f75\" data-element_type=\"column\" data-settings=\"{&quot;background_background&quot;:&quot;classic&quot;}\">\n\t\t\t<div class=\"elementor-widget-wrap elementor-element-populated\">\n\t\t\t\t\t<div class=\"elementor-background-overlay\"><\/div>\n\t\t\t\t\t\t\t\t<div class=\"elementor-element elementor-element-6a64f44 elementor-widget elementor-widget-heading\" data-id=\"6a64f44\" data-element_type=\"widget\" data-widget_type=\"heading.default\">\n\t\t\t\t<div class=\"elementor-widget-container\">\n\t\t\t<style>\/*! elementor - v3.15.0 - 09-08-2023 *\/\n.elementor-heading-title{padding:0;margin:0;line-height:1}.elementor-widget-heading .elementor-heading-title[class*=elementor-size-]>a{color:inherit;font-size:inherit;line-height:inherit}.elementor-widget-heading .elementor-heading-title.elementor-size-small{font-size:15px}.elementor-widget-heading .elementor-heading-title.elementor-size-medium{font-size:19px}.elementor-widget-heading .elementor-heading-title.elementor-size-large{font-size:29px}.elementor-widget-heading .elementor-heading-title.elementor-size-xl{font-size:39px}.elementor-widget-heading .elementor-heading-title.elementor-size-xxl{font-size:59px}<\/style><h2 class=\"elementor-heading-title elementor-size-large\">Artesano Global Foundation<\/h2>\t\t<\/div>\n\t\t\t\t<\/div>\n\t\t\t\t<div class=\"elementor-element elementor-element-7aef5cc elementor-widget elementor-widget-text-editor\" data-id=\"7aef5cc\" data-element_type=\"widget\" data-widget_type=\"text-editor.default\">\n\t\t\t\t<div class=\"elementor-widget-container\">\n\t\t\t<style>\/*! elementor - v3.15.0 - 09-08-2023 *\/\n.elementor-widget-text-editor.elementor-drop-cap-view-stacked .elementor-drop-cap{background-color:#69727d;color:#fff}.elementor-widget-text-editor.elementor-drop-cap-view-framed .elementor-drop-cap{color:#69727d;border:3px solid;background-color:transparent}.elementor-widget-text-editor:not(.elementor-drop-cap-view-default) .elementor-drop-cap{margin-top:8px}.elementor-widget-text-editor:not(.elementor-drop-cap-view-default) .elementor-drop-cap-letter{width:1em;height:1em}.elementor-widget-text-editor .elementor-drop-cap{float:left;text-align:center;line-height:1;font-size:50px}.elementor-widget-text-editor .elementor-drop-cap-letter{display:inline-block}<\/style>\t\t\t\t<p>Promover, fomentar y divulgar los valores culturales e identitarios de Venezuela, tanto en el \u00e1mbito nacional como en el internacional, es la raz\u00f3n de ser de nuestra fundaci\u00f3n, labor que realizamos bajo el convencimiento de que la cultura contribuye decisivamente al bienestar social y que constituye un sector estrat\u00e9gico para el desarrollo productivo.<\/p>\t\t\t\t\t\t<\/div>\n\t\t\t\t<\/div>\n\t\t\t\t\t<\/div>\n\t\t<\/div>\n\t\t\t\t\t\t\t<\/div>\n\t\t<\/section>\n\t\t\t\t<section class=\"elementor-section elementor-top-section elementor-element elementor-element-2b51a19 elementor-section-boxed elementor-section-height-default elementor-section-height-default\" data-id=\"2b51a19\" data-element_type=\"section\" data-settings=\"{&quot;background_background&quot;:&quot;classic&quot;}\">\n\t\t\t\t\t\t<div class=\"elementor-container elementor-column-gap-default\">\n\t\t\t\t\t<div class=\"elementor-column elementor-col-50 elementor-top-column elementor-element elementor-element-7bef3cf\" data-id=\"7bef3cf\" data-element_type=\"column\">\n\t\t\t<div class=\"elementor-widget-wrap elementor-element-populated\">\n\t\t\t\t\t\t\t\t<div class=\"elementor-element elementor-element-ab1bfe7 elementor-widget elementor-widget-image\" data-id=\"ab1bfe7\" data-element_type=\"widget\" data-widget_type=\"image.default\">\n\t\t\t\t<div class=\"elementor-widget-container\">\n\t\t\t<style>\/*! elementor - v3.15.0 - 09-08-2023 *\/\n.elementor-widget-image{text-align:center}.elementor-widget-image a{display:inline-block}.elementor-widget-image a img[src$=\".svg\"]{width:48px}.elementor-widget-image img{vertical-align:middle;display:inline-block}<\/style>\t\t\t\t\t\t\t\t\t<figure class=\"wp-caption\">\n\t\t\t\t\t\t\t\t\t\t<img decoding=\"async\" loading=\"lazy\" width=\"1200\" height=\"800\" src=\"https:\/\/artesanoglobalfoundation.org\/wp-content\/uploads\/2023\/09\/Sede-FAG.jpg\" class=\"attachment-full size-full wp-image-904\" alt=\"\" srcset=\"https:\/\/artesanoglobalfoundation.org\/wp-content\/uploads\/2023\/09\/Sede-FAG.jpg 1200w, https:\/\/artesanoglobalfoundation.org\/wp-content\/uploads\/2023\/09\/Sede-FAG-300x200.jpg 300w, https:\/\/artesanoglobalfoundation.org\/wp-content\/uploads\/2023\/09\/Sede-FAG-1024x683.jpg 1024w, https:\/\/artesanoglobalfoundation.org\/wp-content\/uploads\/2023\/09\/Sede-FAG-768x512.jpg 768w\" sizes=\"(max-width: 1200px) 100vw, 1200px\" style=\"width:100%;height:66.67%;max-width:1200px\" \/>\t\t\t\t\t\t\t\t\t\t\t<figcaption class=\"widget-image-caption wp-caption-text\">Nuestra sede, ubicada en Atamo Sur, La Asunci\u00f3n, estado Nueva Esparta, Venezuela. <\/figcaption>\n\t\t\t\t\t\t\t\t\t\t<\/figure>\n\t\t\t\t\t\t\t\t\t<\/div>\n\t\t\t\t<\/div>\n\t\t\t\t\t<\/div>\n\t\t<\/div>\n\t\t\t\t<div class=\"elementor-column elementor-col-50 elementor-top-column elementor-element elementor-element-32ae833\" data-id=\"32ae833\" data-element_type=\"column\">\n\t\t\t<div class=\"elementor-widget-wrap elementor-element-populated\">\n\t\t\t\t\t\t\t\t<div class=\"elementor-element elementor-element-b88ee20 elementor-widget elementor-widget-text-editor\" data-id=\"b88ee20\" data-element_type=\"widget\" data-widget_type=\"text-editor.default\">\n\t\t\t\t<div class=\"elementor-widget-container\">\n\t\t\t\t\t\t\t<p>Desde la creaci\u00f3n, en 2003, de Fundaci\u00f3n ArtesanoGroup, organizaci\u00f3n sin fines de lucro, hemos venido trabajando en la concepci\u00f3n y el desarrollo de proyectos dirigidos al fomento de la creaci\u00f3n art\u00edstica, y a la preservaci\u00f3n y difusi\u00f3n de las tradiciones y dem\u00e1s manifestaciones socioculturales de Venezuela, estableciendo para ello alianzas estrat\u00e9gicas con instituciones y empresas nacionales e internacionales. Una labor que fue reconocida en 2008 con la certificaci\u00f3n como Centro Unesco por el programa <b><i>Hacedores de pa\u00eds<\/i><\/b>.<br>Convencidos de la vital importancia de articular alianzas con personas, grupos u organizaciones con intereses y objetivos comunes, en funci\u00f3n de alcanzar el mayor impacto social posible, y de lo gratificante que resulta compartir logros del trabajo en equipo, desde la isla de Margarita nos proyectamos al mundo y tendemos puentes a trav\u00e9s de <strong>Artesano Global Foundation.<\/strong><\/p>\t\t\t\t\t\t<\/div>\n\t\t\t\t<\/div>\n\t\t\t\t\t<\/div>\n\t\t<\/div>\n\t\t\t\t\t\t\t<\/div>\n\t\t<\/section>\n\t\t\t\t<section class=\"elementor-section elementor-top-section elementor-element elementor-element-28a3f5d elementor-section-boxed elementor-section-height-default elementor-section-height-default\" data-id=\"28a3f5d\" data-element_type=\"section\" data-settings=\"{&quot;background_background&quot;:&quot;classic&quot;}\">\n\t\t\t\t\t\t<div class=\"elementor-container elementor-column-gap-default\">\n\t\t\t\t\t<div class=\"elementor-column elementor-col-100 elementor-top-column elementor-element elementor-element-775dc17\" data-id=\"775dc17\" data-element_type=\"column\">\n\t\t\t<div class=\"elementor-widget-wrap elementor-element-populated\">\n\t\t\t\t\t\t\t\t<div class=\"elementor-element elementor-element-be5777a elementor-widget elementor-widget-spacer\" data-id=\"be5777a\" data-element_type=\"widget\" data-widget_type=\"spacer.default\">\n\t\t\t\t<div class=\"elementor-widget-container\">\n\t\t\t\t\t<div class=\"elementor-spacer\">\n\t\t\t<div class=\"elementor-spacer-inner\"><\/div>\n\t\t<\/div>\n\t\t\t\t<\/div>\n\t\t\t\t<\/div>\n\t\t\t\t<div class=\"elementor-element elementor-element-50eb1b1 elementor-widget elementor-widget-heading\" data-id=\"50eb1b1\" data-element_type=\"widget\" data-widget_type=\"heading.default\">\n\t\t\t\t<div class=\"elementor-widget-container\">\n\t\t\t<h2 class=\"elementor-heading-title elementor-size-large\">Instituciones aliadas<\/h2>\t\t<\/div>\n\t\t\t\t<\/div>\n\t\t\t\t\t<\/div>\n\t\t<\/div>\n\t\t\t\t\t\t\t<\/div>\n\t\t<\/section>\n\t\t\t\t<section class=\"elementor-section elementor-top-section elementor-element elementor-element-3b5e9cc elementor-section-boxed elementor-section-height-default elementor-section-height-default\" data-id=\"3b5e9cc\" data-element_type=\"section\">\n\t\t\t\t\t\t<div class=\"elementor-container elementor-column-gap-default\">\n\t\t\t\t\t<div class=\"elementor-column elementor-col-25 elementor-top-column elementor-element elementor-element-0e74f63\" data-id=\"0e74f63\" data-element_type=\"column\">\n\t\t\t<div class=\"elementor-widget-wrap elementor-element-populated\">\n\t\t\t\t\t\t\t\t<div class=\"elementor-element elementor-element-8ef34aa elementor-widget elementor-widget-image\" data-id=\"8ef34aa\" data-element_type=\"widget\" data-widget_type=\"image.default\">\n\t\t\t\t<div class=\"elementor-widget-container\">\n\t\t\t\t\t\t\t\t\t\t\t\t\t\t\t\t<a href=\"https:\/\/www.wlo.es\/\" target=\"_blank\">\n\t\t\t\t\t\t\t<img decoding=\"async\" loading=\"lazy\" width=\"750\" height=\"256\" src=\"https:\/\/artesanoglobalfoundation.org\/wp-content\/uploads\/2024\/03\/WLO-LOGO-completo-1024x350.png\" class=\"attachment-large size-large wp-image-1362\" alt=\"\" srcset=\"https:\/\/artesanoglobalfoundation.org\/wp-content\/uploads\/2024\/03\/WLO-LOGO-completo-1024x350.png 1024w, https:\/\/artesanoglobalfoundation.org\/wp-content\/uploads\/2024\/03\/WLO-LOGO-completo-300x102.png 300w, https:\/\/artesanoglobalfoundation.org\/wp-content\/uploads\/2024\/03\/WLO-LOGO-completo-768x262.png 768w, https:\/\/artesanoglobalfoundation.org\/wp-content\/uploads\/2024\/03\/WLO-LOGO-completo-1536x525.png 1536w, https:\/\/artesanoglobalfoundation.org\/wp-content\/uploads\/2024\/03\/WLO-LOGO-completo-2048x700.png 2048w, https:\/\/artesanoglobalfoundation.org\/wp-content\/uploads\/2024\/03\/WLO-LOGO-completo-1568x536.png 1568w\" sizes=\"(max-width: 750px) 100vw, 750px\" style=\"width:100%;height:34.16%;max-width:3750px\" \/>\t\t\t\t\t\t\t\t<\/a>\n\t\t\t\t\t\t\t\t\t\t\t\t\t\t\t<\/div>\n\t\t\t\t<\/div>\n\t\t\t\t\t<\/div>\n\t\t<\/div>\n\t\t\t\t<div class=\"elementor-column elementor-col-25 elementor-top-column elementor-element elementor-element-694192f\" data-id=\"694192f\" data-element_type=\"column\">\n\t\t\t<div class=\"elementor-widget-wrap elementor-element-populated\">\n\t\t\t\t\t\t\t\t<div class=\"elementor-element elementor-element-a44841f elementor-widget elementor-widget-image\" data-id=\"a44841f\" data-element_type=\"widget\" data-widget_type=\"image.default\">\n\t\t\t\t<div class=\"elementor-widget-container\">\n\t\t\t\t\t\t\t\t\t\t\t\t\t\t\t\t<a href=\"https:\/\/www.hartvestproject.com\/\" target=\"_blank\">\n\t\t\t\t\t\t\t<img decoding=\"async\" loading=\"lazy\" width=\"750\" height=\"360\" src=\"https:\/\/artesanoglobalfoundation.org\/wp-content\/uploads\/2023\/09\/logo_1opts_color-1024x491.png\" class=\"attachment-large size-large wp-image-414\" alt=\"\" srcset=\"https:\/\/artesanoglobalfoundation.org\/wp-content\/uploads\/2023\/09\/logo_1opts_color-1024x491.png 1024w, https:\/\/artesanoglobalfoundation.org\/wp-content\/uploads\/2023\/09\/logo_1opts_color-300x144.png 300w, https:\/\/artesanoglobalfoundation.org\/wp-content\/uploads\/2023\/09\/logo_1opts_color-768x368.png 768w, https:\/\/artesanoglobalfoundation.org\/wp-content\/uploads\/2023\/09\/logo_1opts_color.png 1344w\" sizes=\"(max-width: 750px) 100vw, 750px\" style=\"width:100%;height:47.92%;max-width:1344px\" \/>\t\t\t\t\t\t\t\t<\/a>\n\t\t\t\t\t\t\t\t\t\t\t\t\t\t\t<\/div>\n\t\t\t\t<\/div>\n\t\t\t\t\t<\/div>\n\t\t<\/div>\n\t\t\t\t<div class=\"elementor-column elementor-col-25 elementor-top-column elementor-element elementor-element-072ff87\" data-id=\"072ff87\" data-element_type=\"column\">\n\t\t\t<div class=\"elementor-widget-wrap elementor-element-populated\">\n\t\t\t\t\t\t\t\t<div class=\"elementor-element elementor-element-b6d33c6 elementor-widget elementor-widget-image\" data-id=\"b6d33c6\" data-element_type=\"widget\" data-widget_type=\"image.default\">\n\t\t\t\t<div class=\"elementor-widget-container\">\n\t\t\t\t\t\t\t\t\t\t\t\t\t\t\t\t<a href=\"https:\/\/carrenofoundation.org\/\" target=\"_blank\">\n\t\t\t\t\t\t\t<img decoding=\"async\" loading=\"lazy\" width=\"400\" height=\"200\" src=\"https:\/\/artesanoglobalfoundation.org\/wp-content\/uploads\/2023\/08\/Carreno-Foundation-Logo.jpg\" class=\"attachment-large size-large wp-image-167\" alt=\"\" srcset=\"https:\/\/artesanoglobalfoundation.org\/wp-content\/uploads\/2023\/08\/Carreno-Foundation-Logo.jpg 400w, https:\/\/artesanoglobalfoundation.org\/wp-content\/uploads\/2023\/08\/Carreno-Foundation-Logo-300x150.jpg 300w\" sizes=\"(max-width: 400px) 100vw, 400px\" style=\"width:100%;height:50%;max-width:400px\" \/>\t\t\t\t\t\t\t\t<\/a>\n\t\t\t\t\t\t\t\t\t\t\t\t\t\t\t<\/div>\n\t\t\t\t<\/div>\n\t\t\t\t\t<\/div>\n\t\t<\/div>\n\t\t\t\t<div class=\"elementor-column elementor-col-25 elementor-top-column elementor-element elementor-element-ba0c82a\" data-id=\"ba0c82a\" data-element_type=\"column\">\n\t\t\t<div class=\"elementor-widget-wrap elementor-element-populated\">\n\t\t\t\t\t\t\t\t<div class=\"elementor-element elementor-element-2df7a0c elementor-widget elementor-widget-image\" data-id=\"2df7a0c\" data-element_type=\"widget\" data-widget_type=\"image.default\">\n\t\t\t\t<div class=\"elementor-widget-container\">\n\t\t\t\t\t\t\t\t\t\t\t\t\t\t\t\t<a href=\"https:\/\/www.instagram.com\/catedraaliriodiaz\/\" target=\"_blank\">\n\t\t\t\t\t\t\t<img decoding=\"async\" loading=\"lazy\" width=\"750\" height=\"303\" src=\"https:\/\/artesanoglobalfoundation.org\/wp-content\/uploads\/2023\/08\/Logo-Catedra-Alirio-Diaz-Horizontal-1024x414.png\" class=\"attachment-large size-large wp-image-166\" alt=\"\" srcset=\"https:\/\/artesanoglobalfoundation.org\/wp-content\/uploads\/2023\/08\/Logo-Catedra-Alirio-Diaz-Horizontal-1024x414.png 1024w, https:\/\/artesanoglobalfoundation.org\/wp-content\/uploads\/2023\/08\/Logo-Catedra-Alirio-Diaz-Horizontal-300x121.png 300w, https:\/\/artesanoglobalfoundation.org\/wp-content\/uploads\/2023\/08\/Logo-Catedra-Alirio-Diaz-Horizontal-768x310.png 768w, https:\/\/artesanoglobalfoundation.org\/wp-content\/uploads\/2023\/08\/Logo-Catedra-Alirio-Diaz-Horizontal.png 1143w\" sizes=\"(max-width: 750px) 100vw, 750px\" style=\"width:100%;height:40.42%;max-width:1143px\" \/>\t\t\t\t\t\t\t\t<\/a>\n\t\t\t\t\t\t\t\t\t\t\t\t\t\t\t<\/div>\n\t\t\t\t<\/div>\n\t\t\t\t\t<\/div>\n\t\t<\/div>\n\t\t\t\t\t\t\t<\/div>\n\t\t<\/section>\n\t\t\t\t<section class=\"elementor-section elementor-top-section elementor-element elementor-element-4eb61b2 elementor-section-boxed elementor-section-height-default elementor-section-height-default\" data-id=\"4eb61b2\" data-element_type=\"section\">\n\t\t\t\t\t\t\t<div class=\"elementor-background-overlay\"><\/div>\n\t\t\t\t\t\t\t<div class=\"elementor-container elementor-column-gap-default\">\n\t\t\t\t\t<div class=\"elementor-column elementor-col-100 elementor-top-column elementor-element elementor-element-aab7f3f\" data-id=\"aab7f3f\" data-element_type=\"column\">\n\t\t\t<div class=\"elementor-widget-wrap elementor-element-populated\">\n\t\t\t\t\t\t\t\t<div class=\"elementor-element elementor-element-6bc6af7 elementor-widget elementor-widget-heading\" data-id=\"6bc6af7\" data-element_type=\"widget\" data-widget_type=\"heading.default\">\n\t\t\t\t<div class=\"elementor-widget-container\">\n\t\t\t<h2 class=\"elementor-heading-title elementor-size-default\"><b>Ap\u00f3yanos con tu donaci\u00f3n<\/b><\/h2>\t\t<\/div>\n\t\t\t\t<\/div>\n\t\t\t\t<div class=\"elementor-element elementor-element-3192139 elementor-widget elementor-widget-text-editor\" data-id=\"3192139\" data-element_type=\"widget\" data-widget_type=\"text-editor.default\">\n\t\t\t\t<div class=\"elementor-widget-container\">\n\t\t\t\t\t\t\t<p>Puede apoyar nuestros diferentes programas sociales haciendo una donaci\u00f3n directamente a nuestra instituci\u00f3n. Cualquier cantidad es bienvenida. No importa d\u00f3nde se encuentre.<br><b>Puede hacer su donaci\u00f3n de forma r\u00e1pida y sencilla a trav\u00e9s del siguiente bot\u00f3n:<\/b><\/p>\t\t\t\t\t\t<\/div>\n\t\t\t\t<\/div>\n\t\t\t\t<div class=\"elementor-element elementor-element-ca9beae elementor-mobile-align-center elementor-widget elementor-widget-button\" data-id=\"ca9beae\" data-element_type=\"widget\" data-widget_type=\"button.default\">\n\t\t\t\t<div class=\"elementor-widget-container\">\n\t\t\t\t\t<div class=\"elementor-button-wrapper\">\n\t\t\t<a class=\"elementor-button elementor-button-link elementor-size-sm\" href=\"https:\/\/www.paypal.com\/donate\/?hosted_button_id=XB59V782Z8YHL\">\n\t\t\t\t\t\t<span class=\"elementor-button-content-wrapper\">\n\t\t\t\t\t\t<span class=\"elementor-button-icon elementor-align-icon-left\">\n\t\t\t\t<i aria-hidden=\"true\" class=\"fas fa-donate\"><\/i>\t\t\t<\/span>\n\t\t\t\t\t\t<span class=\"elementor-button-text\">Donar<\/span>\n\t\t<\/span>\n\t\t\t\t\t<\/a>\n\t\t<\/div>\n\t\t\t\t<\/div>\n\t\t\t\t<\/div>\n\t\t\t\t\t<\/div>\n\t\t<\/div>\n\t\t\t\t\t\t\t<\/div>\n\t\t<\/section>\n\t\t\t\t\t\t\t<\/div>\n\t\t","protected":false},"excerpt":{"rendered":"<p>Artesano Global Foundation Promover, fomentar y divulgar los valores culturales e identitarios de Venezuela, tanto en el \u00e1mbito nacional como en el internacional, es la raz\u00f3n de ser de nuestra fundaci\u00f3n, labor que realizamos bajo el convencimiento de que la cultura contribuye decisivamente al bienestar social y que constituye un sector estrat\u00e9gico para el desarrollo&hellip; <a class=\"more-link\" href=\"https:\/\/artesanoglobalfoundation.org\/index.php\/es\/elementor-49\/\">Seguir leyendo <span class=\"screen-reader-text\">Artesano Global Foundation &#8211; Sitio Web Oficial<\/span><\/a><\/p>\n","protected":false},"author":1,"featured_media":51,"parent":0,"menu_order":0,"comment_status":"closed","ping_status":"closed","template":"elementor_header_footer","meta":{"footnotes":""},"_links":{"self":[{"href":"https:\/\/artesanoglobalfoundation.org\/index.php\/wp-json\/wp\/v2\/pages\/49"}],"collection":[{"href":"https:\/\/artesanoglobalfoundation.org\/index.php\/wp-json\/wp\/v2\/pages"}],"about":[{"href":"https:\/\/artesanoglobalfoundation.org\/index.php\/wp-json\/wp\/v2\/types\/page"}],"author":[{"embeddable":true,"href":"https:\/\/artesanoglobalfoundation.org\/index.php\/wp-json\/wp\/v2\/users\/1"}],"replies":[{"embeddable":true,"href":"https:\/\/artesanoglobalfoundation.org\/index.php\/wp-json\/wp\/v2\/comments?post=49"}],"version-history":[{"count":247,"href":"https:\/\/artesanoglobalfoundation.org\/index.php\/wp-json\/wp\/v2\/pages\/49\/revisions"}],"predecessor-version":[{"id":1759,"href":"https:\/\/artesanoglobalfoundation.org\/index.php\/wp-json\/wp\/v2\/pages\/49\/revisions\/1759"}],"wp:featuredmedia":[{"embeddable":true,"href":"https:\/\/artesanoglobalfoundation.org\/index.php\/wp-json\/wp\/v2\/media\/51"}],"wp:attachment":[{"href":"https:\/\/artesanoglobalfoundation.org\/index.php\/wp-json\/wp\/v2\/media?parent=49"}],"curies":[{"name":"wp","href":"https:\/\/api.w.org\/{rel}","templated":true}]}}